{"id":912,"date":"2021-11-02T13:31:23","date_gmt":"2021-11-02T12:31:23","guid":{"rendered":"http:\/\/arthurscott-consulting.fr\/?page_id=912"},"modified":"2022-07-01T17:39:16","modified_gmt":"2022-07-01T15:39:16","slug":"mentions-legales","status":"publish","type":"page","link":"https:\/\/www.arthurscott.com\/index.php\/mentions-legales\/","title":{"rendered":"Mentions L\u00e9gales"},"content":{"rendered":"<p><div class=\"fusion-fullwidth fullwidth-box fusion-builder-row-1 fusion-flex-container hundred-percent-fullwidth non-hundred-percent-height-scrolling\" style=\"background-color: #ffffff;background-position: center center;background-repeat: no-repeat;border-width: 0px 0px 0px 0px;border-color:#eae9e9;border-style:solid;\" ><div class=\"fusion-builder-row fusion-row fusion-flex-align-items-center fusion-flex-justify-content-center\" style=\"width:104% !important;max-width:104% !important;margin-left: calc(-4% \/ 2 );margin-right: calc(-4% \/ 2 );\"><div class=\"fusion-layout-column fusion_builder_column fusion-builder-column-0 fusion_builder_column_5_6 5_6 fusion-flex-column fusion-flex-align-self-flex-start\"><div class=\"fusion-column-wrapper fusion-flex-justify-content-flex-start fusion-content-layout-column\" style=\"background-position:left top;background-repeat:no-repeat;-webkit-background-size:cover;-moz-background-size:cover;-o-background-size:cover;background-size:cover;padding: 0px 0px 0px 0px;\"><div class=\"fusion-text fusion-text-1 fusion-text-no-margin\" style=\"font-size:16px;text-transform:none;color:#3d3d3d;font-family:&quot;Poppins&quot;;font-weight:400;margin-top:40px;margin-bottom:20px;\"><p>Informations l\u00e9gales<\/p>\n<\/div><div class=\"fusion-separator\" style=\"align-self: flex-start;margin-right:auto;margin-top:0px;margin-bottom:0px;width:100%;max-width:50px;\"><div class=\"fusion-separator-border sep-single sep-solid\" style=\"border-color:#3d3d3d;border-top-width:1px;\"><\/div><\/div><style type=\"text\/css\">@media only screen and (max-width:1024px) {.fusion-title.fusion-title-1{margin-top:20px!important; margin-right:0px!important;margin-bottom:40px!important;margin-left:0px!important;}}@media only screen and (max-width:640px) {.fusion-title.fusion-title-1{margin-top:10px!important; margin-right:0px!important;margin-bottom:10px!important; margin-left:0px!important;}}<\/style><div class=\"fusion-title title fusion-title-1 fusion-sep-none fusion-title-text fusion-title-size-one\" style=\"font-size:42px;margin-top:20px;margin-right:0px;margin-bottom:40px;margin-left:0px;\"><h1 class=\"title-heading-left fusion-responsive-typography-calculated\" style=\"font-family:&quot;Poppins&quot;;font-weight:400;margin:0;font-size:1em;text-transform:none;color:#3d3d3d;--fontSize:42;line-height:1.3;\"><p><strong>Mentions<br \/>\n<span style=\"color: #306eba;\">l\u00e9gales<\/span><\/strong><\/p><\/h1><\/div><\/div><style type=\"text\/css\">.fusion-body .fusion-builder-column-0{width:83.333333333333% !important;margin-top : 30px;margin-bottom : 50px;}.fusion-builder-column-0 > .fusion-column-wrapper {padding-top : 0px !important;padding-right : 0px !important;margin-right : 2.304%;padding-bottom : 0px !important;padding-left : 0px !important;margin-left : 2.304%;}@media only screen and (max-width:1024px) {.fusion-body .fusion-builder-column-0{width:100% !important;order : 0;}.fusion-builder-column-0 > .fusion-column-wrapper {margin-right : 1.92%;margin-left : 1.92%;}}@media only screen and (max-width:640px) {.fusion-body .fusion-builder-column-0{width:100% !important;order : 0;}.fusion-builder-column-0 > .fusion-column-wrapper {margin-right : 1.92%;margin-left : 1.92%;}}<\/style><\/div><\/div><style type=\"text\/css\">.fusion-body .fusion-flex-container.fusion-builder-row-1{ padding-top : 0px;margin-top : 0px;padding-right : 0px;padding-bottom : 0px;margin-bottom : 0px;padding-left : 0px;}<\/style><\/div><div class=\"fusion-fullwidth fullwidth-box fusion-builder-row-2 fusion-flex-container nonhundred-percent-fullwidth non-hundred-percent-height-scrolling\" style=\"background-color: #ffffff;background-position: center center;background-repeat: no-repeat;border-width: 0px 0px 0px 0px;border-color:#eae9e9;border-style:solid;\" ><div class=\"fusion-builder-row fusion-row fusion-flex-align-items-flex-start\" style=\"max-width:1216.8px;margin-left: calc(-4% \/ 2 );margin-right: calc(-4% \/ 2 );\"><div class=\"fusion-layout-column fusion_builder_column fusion-builder-column-1 fusion_builder_column_1_1 1_1 fusion-flex-column\"><div class=\"fusion-column-wrapper fusion-flex-justify-content-flex-start fusion-content-layout-column\" style=\"background-position:left top;background-repeat:no-repeat;-webkit-background-size:cover;-moz-background-size:cover;-o-background-size:cover;background-size:cover;padding: 0px 0px 0px 0px;\"><div class=\"fusion-text fusion-text-2\" style=\"text-transform:none;\"><p><strong>ARTHUR SCOTT CONSULTING<\/strong> a le plaisir de vous accueillir sur son site internet. Depuis le 1er janvier 2001, le cabinet n&rsquo;\u00e9dite plus de plaquettes de pr\u00e9sentation de ses activit\u00e9s, et communique \u00e0 travers son site internet. Ce site a donc pour objet de fournir des informations sur les activit\u00e9s d&rsquo;<strong>ARTHUR SCOTT CONSULTING<\/strong>.<\/p>\n<p><strong>ARTHUR SCOTT CONSULTING<\/strong> s&rsquo;efforce d&rsquo;assurer au mieux de ses possibilit\u00e9s, l&rsquo;exactitude et la mise \u00e0 jour des informations diffus\u00e9es sur ce site. En outre, cette information est destin\u00e9e \u00e0 apporter des indications g\u00e9n\u00e9rales sur les domaines d&rsquo;expertise du cabinet. Toute information contenue sur ce site ne doit pas \u00eatre utilis\u00e9e sans les conseils pr\u00e9alables des consultants d&rsquo;<strong>ARTHUR SCOTT CONSULTING<\/strong> avec lesquels il est conseill\u00e9 de prendre contact avant toute prise de d\u00e9cision.<\/p>\n<p><strong>ARTHUR SCOTT CONSULTING<\/strong> se d\u00e9gage de toute responsabilit\u00e9 en ce qui concerne les positions prises par les utilisateurs du site \u00e0 titre personnel et quelle que soit l&rsquo;interpr\u00e9tation qu&rsquo;ils en font.<\/p>\n<p>Les renseignements et pr\u00e9sentations contenus dans les pages de ce site sont fournis \u00e0 titre purement indicatif et restent susceptibles de modifications \u00e0 tout moment et sans pr\u00e9avis.<\/p>\n<p><strong>ARTHUR SCOTT CONSULTING<\/strong> ne peut garantir l&rsquo;exactitude, la pr\u00e9cision ou l&rsquo;exhaustivit\u00e9 des informations mises \u00e0 disposition sur ce site.<\/p>\n<p>En cons\u00e9quence, <strong>ARTHUR SCOTT CONSULTING<\/strong> d\u00e9cline toute responsabilit\u00e9 :<\/p>\n<ul>\n<li>pour toute impr\u00e9cision, inexactitude ou omission portant sur des informations disponibles sur le site,<\/li>\n<li>pour tous dommages r\u00e9sultant d&rsquo;une intrusion frauduleuse d&rsquo;un tiers ayant entra\u00een\u00e9 une modification des informations mises \u00e0 la disposition sur le site,<\/li>\n<li>et plus g\u00e9n\u00e9ralement pour tous dommages, directs et\/ou indirects, qu&rsquo;elles qu&rsquo;en soient les causes, origines, natures ou cons\u00e9quences, provoqu\u00e9s \u00e0 raison de l&rsquo;acc\u00e8s de quiconque au site ou de l&rsquo;impossibilit\u00e9 d&rsquo;y acc\u00e9der, de m\u00eame que l&rsquo;utilisation du site et\/ou du cr\u00e9dit accord\u00e9 \u00e0 une quelconque information provenant directement ou indirectement du site.<\/li>\n<\/ul>\n<p>La pr\u00e9sentation et le contenu du pr\u00e9sent site constituent, ensemble, une \u0153uvre prot\u00e9g\u00e9e par les lois en vigueur sur la propri\u00e9t\u00e9 intellectuelle, dont <strong>ARTHUR SCOTT CONSULTING<\/strong> est titulaire.<\/p>\n<p>Les droits de propri\u00e9t\u00e9 intellectuelle sur les documents contenus dans le site et chacun des \u00e9l\u00e9ments cr\u00e9\u00e9s pour ce site sont la propri\u00e9t\u00e9 exclusive d&rsquo;<strong>ARTHUR SCOTT CONSULTING<\/strong>, ce dernier ne conc\u00e9dant aucune licence, ni aucun autre droit que celui de consulter le site.<\/p>\n<p>En particulier, les marques et autres droits de propri\u00e9t\u00e9 intellectuelle cit\u00e9s sur le site sont la propri\u00e9t\u00e9 d&rsquo;<strong>ARTHUR SCOTT CONSULTING <\/strong>ou des marques cit\u00e9es.<\/p>\n<p>Aucune reproduction et\/ou repr\u00e9sentation, partielle ou int\u00e9grale, ne pourra en \u00eatre faite sans l&rsquo;accord pr\u00e9alable et \u00e9crit d&rsquo;<strong>ARTHUR SCOTT CONSULTING<\/strong>.<\/p>\n<p>Toute reproduction, utilisation ou diffusion de copies sans l&rsquo;accord d&rsquo;<strong>ARTHUR SCOTT CONSULTING<\/strong> est express\u00e9ment interdite et sanctionn\u00e9e p\u00e9nalement. Tout lien ou framing de ce site est strictement interdit et en cons\u00e9quence, aucun \u00e9l\u00e9ment figurant sur une page du site Internet d&rsquo;<strong>ARTHUR SCOTT CONSULTING<\/strong> ne peut \u00eatre partiellement ou totalement, diffus\u00e9, transf\u00e9r\u00e9 ou ins\u00e9r\u00e9 sur un autre site Internet, ni servir \u00e0 cr\u00e9er des produits d\u00e9riv\u00e9s, sauf autorisation expresse d&rsquo;<strong>ARTHUR SCOTT CONSULTING<\/strong>.<\/p>\n<p>La d\u00e9nomination <strong>ARTHUR SCOTT CONSULTING<\/strong>, le logo <strong>ARTHUR SCOTT CONSULTING<\/strong>, ainsi que les slogans sont, sauf indications particuli\u00e8res, des marques d\u00e9pos\u00e9es par <strong>ARTHUR SCOTT CONSULTING<\/strong>. Toute utilisation, reproduction et \/ou modification qui en serait faite sans l&rsquo;accord \u00e9crit et pr\u00e9alable d&rsquo;<strong>ARTHUR SCOTT CONSULTING<\/strong> serait susceptible d&rsquo;en constituer la contrefa\u00e7on.<\/p>\n<p>Tous droits de reproduction et de repr\u00e9sentation r\u00e9serv\u00e9s.<br \/>\nLes textes pr\u00e9sent\u00e9s sur ce site sont couverts par le droit de la propri\u00e9t\u00e9 intellectuelle.<\/p>\n<\/div><\/div><style type=\"text\/css\">.fusion-body .fusion-builder-column-1{width:100% !important;margin-top : 0px;margin-bottom : 20px;}.fusion-builder-column-1 > .fusion-column-wrapper {padding-top : 0px !important;padding-right : 0px !important;margin-right : 1.92%;padding-bottom : 0px !important;padding-left : 0px !important;margin-left : 1.92%;}@media only screen and (max-width:1024px) {.fusion-body .fusion-builder-column-1{width:100% !important;order : 0;}.fusion-builder-column-1 > .fusion-column-wrapper {margin-right : 1.92%;margin-left : 1.92%;}}@media only screen and (max-width:640px) {.fusion-body .fusion-builder-column-1{width:100% !important;order : 0;}.fusion-builder-column-1 > .fusion-column-wrapper {margin-right : 1.92%;margin-left : 1.92%;}}<\/style><\/div><\/div><style type=\"text\/css\">.fusion-body .fusion-flex-container.fusion-builder-row-2{ padding-top : 0px;margin-top : 0px;padding-right : 0px;padding-bottom : 0px;margin-bottom : 0px;padding-left : 0px;}<\/style><\/div><\/p>\n","protected":false},"excerpt":{"rendered":"","protected":false},"author":1,"featured_media":0,"parent":0,"menu_order":0,"comment_status":"closed","ping_status":"closed","template":"100-width.php","meta":[],"_links":{"self":[{"href":"https:\/\/www.arthurscott.com\/index.php\/wp-json\/wp\/v2\/pages\/912"}],"collection":[{"href":"https:\/\/www.arthurscott.com\/index.php\/wp-json\/wp\/v2\/pages"}],"about":[{"href":"https:\/\/www.arthurscott.com\/index.php\/wp-json\/wp\/v2\/types\/page"}],"author":[{"embeddable":true,"href":"https:\/\/www.arthurscott.com\/index.php\/wp-json\/wp\/v2\/users\/1"}],"replies":[{"embeddable":true,"href":"https:\/\/www.arthurscott.com\/index.php\/wp-json\/wp\/v2\/comments?post=912"}],"version-history":[{"count":9,"href":"https:\/\/www.arthurscott.com\/index.php\/wp-json\/wp\/v2\/pages\/912\/revisions"}],"predecessor-version":[{"id":1730,"href":"https:\/\/www.arthurscott.com\/index.php\/wp-json\/wp\/v2\/pages\/912\/revisions\/1730"}],"wp:attachment":[{"href":"https:\/\/www.arthurscott.com\/index.php\/wp-json\/wp\/v2\/media?parent=912"}],"curies":[{"name":"wp","href":"https:\/\/api.w.org\/{rel}","templated":true}]}}